{"id":1315,"date":"2020-08-20T03:27:25","date_gmt":"2020-08-20T08:27:25","guid":{"rendered":"https:\/\/demo.ovatheme.com\/egovt\/?page_id=1315"},"modified":"2026-03-07T15:35:34","modified_gmt":"2026-03-07T20:35:34","slug":"mot-du-directeur","status":"publish","type":"page","link":"https:\/\/dgi.gouv.ht\/ht\/mot-du-directeur\/","title":{"rendered":"Le mot du Directeur"},"content":{"rendered":"<div data-elementor-type=\"wp-page\" data-elementor-id=\"1315\" class=\"elementor elementor-1315\">\n\t\t\t\t\t\t<section data-particle_enable=\"false\" data-particle-mobile-disabled=\"false\" class=\"elementor-section elementor-top-section elementor-element elementor-element-fc79c83 elementor-section-boxed elementor-section-height-default elementor-section-height-default\" data-id=\"fc79c83\" data-element_type=\"section\">\n\t\t\t\t\t\t<div class=\"elementor-container elementor-column-gap-default\">\n\t\t\t\t\t<div class=\"elementor-column elementor-col-33 elementor-top-column elementor-element elementor-element-2ecfeb3\" data-id=\"2ecfeb3\" data-element_type=\"column\">\n\t\t\t<div class=\"elementor-widget-wrap elementor-element-populated\">\n\t\t\t\t\t\t<div class=\"elementor-element elementor-element-d25fdf2 elementor-widget elementor-widget-image\" data-id=\"d25fdf2\" data-element_type=\"widget\" data-widget_type=\"image.default\">\n\t\t\t\t<div class=\"elementor-widget-container\">\n\t\t\t\t\t\t\t\t\t\t\t\t\t<img fetchpriority=\"high\" decoding=\"async\" width=\"761\" height=\"1024\" src=\"https:\/\/dgi.gouv.ht\/wp-content\/uploads\/2026\/03\/DG-Chesnel-761x1024.jpg\" class=\"attachment-large size-large wp-image-9119\" alt=\"\" srcset=\"https:\/\/dgi.gouv.ht\/wp-content\/uploads\/2026\/03\/DG-Chesnel-761x1024.jpg 761w, https:\/\/dgi.gouv.ht\/wp-content\/uploads\/2026\/03\/DG-Chesnel-223x300.jpg 223w, https:\/\/dgi.gouv.ht\/wp-content\/uploads\/2026\/03\/DG-Chesnel-768x1033.jpg 768w, https:\/\/dgi.gouv.ht\/wp-content\/uploads\/2026\/03\/DG-Chesnel-9x12.jpg 9w, https:\/\/dgi.gouv.ht\/wp-content\/uploads\/2026\/03\/DG-Chesnel-446x600.jpg 446w, https:\/\/dgi.gouv.ht\/wp-content\/uploads\/2026\/03\/DG-Chesnel-416x560.jpg 416w, https:\/\/dgi.gouv.ht\/wp-content\/uploads\/2026\/03\/DG-Chesnel.jpg 880w\" sizes=\"(max-width: 761px) 100vw, 761px\" \/>\t\t\t\t\t\t\t\t\t\t\t\t\t<\/div>\n\t\t\t\t<\/div>\n\t\t\t\t<div class=\"elementor-element elementor-element-d6205e3 elementor-widget elementor-widget-heading\" data-id=\"d6205e3\" data-element_type=\"widget\" data-widget_type=\"heading.default\">\n\t\t\t\t<div class=\"elementor-widget-container\">\n\t\t\t<h2 class=\"elementor-heading-title elementor-size-default\"><br><br>Chesnel  FRAN\u00c7OIS,<br>\nDirecteur G\u00e9n\u00e9ral<\/h2>\t\t<\/div>\n\t\t\t\t<\/div>\n\t\t\t\t\t<\/div>\n\t\t<\/div>\n\t\t\t\t<div class=\"elementor-column elementor-col-66 elementor-top-column elementor-element elementor-element-c279eeb\" data-id=\"c279eeb\" data-element_type=\"column\">\n\t\t\t<div class=\"elementor-widget-wrap elementor-element-populated\">\n\t\t\t\t\t\t<div class=\"elementor-element elementor-element-32c2a22 elementor-widget elementor-widget-text-editor\" data-id=\"32c2a22\" data-element_type=\"widget\" data-widget_type=\"text-editor.default\">\n\t\t\t\t<div class=\"elementor-widget-container\">\n\t\t\t\t\t\t\t<p>Chers concitoyens, chers contribuables-clients,<\/p><p>C\u2019est avec un r\u00e9el plaisir que je m\u2019adresse \u00e0 vous \u00e0 l\u2019aube de cette nouvelle ann\u00e9e fiscale, qui s\u2019annonce d\u00e9terminante pour l\u2019avenir de l\u2019Administration fiscale nationale que j\u2019ai l\u2019honneur dediriger. Je tiens d\u2019abord \u00e0 saluer la r\u00e9silience et le sens du devoir dont vous avez fait preuve tout au long de l\u2019exercice \u00e9coul\u00e9. Malgr\u00e9 les multiples difficult\u00e9s rencontr\u00e9es, vous \u00eates demeur\u00e9s constants\u00a0 dans l\u2019accomplissement de vos obligations fiscales. Qu\u2019il me soit permis, en mon nom et au nom de toute l\u2019\u00e9quipe de la Direction G\u00e9n\u00e9rale des Imp\u00f4ts (DGI), de vous en remercier vivement. En retour, la DGI r\u00e9affirme son engagement \u00e0 tout mettre en \u0153uvre pour faciliter vos d\u00e9marches et am\u00e9liorer la qualit\u00e9 des services qui vous sont offerts. Notre priorit\u00e9 demeure la prise en compte des pr\u00e9occupations l\u00e9gitimes du contribuable-client. \u00c0 cet effet, l\u2019Administration fiscale entend acc\u00e9l\u00e9rer, dans les meilleurs d\u00e9lais, la modernisation de ses proc\u00e9dures, notamment \u00e0 travers la simplification du syst\u00e8me fiscal, l\u2019int\u00e9gration de technologies informatiques de pointe, ainsi que la mise en place de solutions num\u00e9riques pour la d\u00e9claration et le paiement en ligne des imp\u00f4ts,droits et taxes. L\u2019am\u00e9lioration des conditions d\u2019accueil du contribuable constitue \u00e9galement une pr\u00e9occupation constante. Dans cette optique, la DGI envisage de relocaliser certains services centraux temporairement install\u00e9s au Bureau central au plus fort de la crise s\u00e9curitaire, afin d\u2019offrir un cadre de travail et de r\u00e9ception plus fonctionnel et convivial. Parall\u00e8lement, la formation continue et le renforcement des comp\u00e9tences de nos cadres seront replac\u00e9s au c\u0153ur de nos priorit\u00e9s institutionnelles. L\u2019exercice fiscal 2025-2026 marquera une \u00e9tape charni\u00e8re pour la DGI, engag\u00e9e sur plusieurs fronts majeurs :<br \/>\u2022 l\u2019harmonisation des lois et proc\u00e9dures fiscales ;<br \/>\u2022 le renforcement des capacit\u00e9s du personnel et des structures op\u00e9rationnelles ;<br \/>\u2022 la consolidation des valeurs fondamentales que sont la comp\u00e9tence, le respect, l\u2019int\u00e9grit\u00e9, l\u2019impartialit\u00e9, la loyaut\u00e9 et la discr\u00e9tion ;<br \/>\u2022 le lancement d\u2019une campagne nationale de communication et de sensibilisation, destin\u00e9e\u00a0\u00e0 promouvoir le civisme fiscal et favoriser une meilleure compr\u00e9hension des textes l\u00e9gaux et des enjeux \u00e9conomiques qu\u2019ils soutiennent, en vue d\u2019une mobilisation accrue des recettes publiques. Chers concitoyens, chers contribuables-clients,\u00a0 Au seuil de cette nouvelle ann\u00e9e fiscale, la Direction G\u00e9n\u00e9rale des Imp\u00f4ts vous r\u00e9it\u00e8re ses v\u0153ux les plus sinc\u00e8res de r\u00e9ussite et de prosp\u00e9rit\u00e9, et vous assure de sa d\u00e9termination \u00e0 \u0153uvrer, avec rigueur et transparence, au service exclusif de l\u2019int\u00e9r\u00eat g\u00e9n\u00e9ral.<\/p>\t\t\t\t\t\t<\/div>\n\t\t\t\t<\/div>\n\t\t\t\t\t<\/div>\n\t\t<\/div>\n\t\t\t\t\t<\/div>\n\t\t<\/section>\n\t\t\t\t<\/div>","protected":false},"excerpt":{"rendered":"<p>Chesnel FRAN\u00c7OIS, Directeur G\u00e9n\u00e9ral Chers concitoyens, chers contribuables-clients, C\u2019est avec un r\u00e9el plaisir que je m\u2019adresse \u00e0 vous \u00e0 l\u2019aube de cette nouvelle ann\u00e9e fiscale, qui s\u2019annonce d\u00e9terminante pour l\u2019avenir de l\u2019Administration fiscale nationale que j\u2019ai l\u2019honneur dediriger. Je tiens d\u2019abord \u00e0 saluer la r\u00e9silience et le sens du devoir dont vous avez fait preuve [&hellip;]<\/p>","protected":false},"author":1,"featured_media":0,"parent":0,"menu_order":0,"comment_status":"closed","ping_status":"closed","template":"","meta":{"_eb_attr":"","_monsterinsights_skip_tracking":false,"_monsterinsights_sitenote_active":false,"_monsterinsights_sitenote_note":"","_monsterinsights_sitenote_category":0,"footnotes":""},"class_list":["post-1315","page","type-page","status-publish","hentry"],"aioseo_notices":[],"_links":{"self":[{"href":"https:\/\/dgi.gouv.ht\/ht\/wp-json\/wp\/v2\/pages\/1315","targetHints":{"allow":["GET"]}}],"collection":[{"href":"https:\/\/dgi.gouv.ht\/ht\/wp-json\/wp\/v2\/pages"}],"about":[{"href":"https:\/\/dgi.gouv.ht\/ht\/wp-json\/wp\/v2\/types\/page"}],"author":[{"embeddable":true,"href":"https:\/\/dgi.gouv.ht\/ht\/wp-json\/wp\/v2\/users\/1"}],"replies":[{"embeddable":true,"href":"https:\/\/dgi.gouv.ht\/ht\/wp-json\/wp\/v2\/comments?post=1315"}],"version-history":[{"count":93,"href":"https:\/\/dgi.gouv.ht\/ht\/wp-json\/wp\/v2\/pages\/1315\/revisions"}],"predecessor-version":[{"id":9122,"href":"https:\/\/dgi.gouv.ht\/ht\/wp-json\/wp\/v2\/pages\/1315\/revisions\/9122"}],"wp:attachment":[{"href":"https:\/\/dgi.gouv.ht\/ht\/wp-json\/wp\/v2\/media?parent=1315"}],"curies":[{"name":"wp","href":"https:\/\/api.w.org\/{rel}","templated":true}]}}