{"id":7722,"date":"2023-06-29T01:32:21","date_gmt":"2023-06-29T06:32:21","guid":{"rendered":"https:\/\/dgi.gouv.ht\/?page_id=7722"},"modified":"2023-07-03T02:35:40","modified_gmt":"2023-07-03T07:35:40","slug":"faq","status":"publish","type":"page","link":"https:\/\/dgi.gouv.ht\/ht\/faq\/","title":{"rendered":"Questions Fr\u00e9quemment Pos\u00e9es"},"content":{"rendered":"<div data-elementor-type=\"wp-page\" data-elementor-id=\"7722\" class=\"elementor elementor-7722\">\n\t\t\t\t\t\t<section data-particle_enable=\"false\" data-particle-mobile-disabled=\"false\" class=\"elementor-section elementor-top-section elementor-element elementor-element-11cb5b2 elementor-section-boxed elementor-section-height-default elementor-section-height-default\" data-id=\"11cb5b2\" data-element_type=\"section\">\n\t\t\t\t\t\t<div class=\"elementor-container elementor-column-gap-default\">\n\t\t\t\t\t<div class=\"elementor-column elementor-col-100 elementor-top-column elementor-element elementor-element-61fff3a\" data-id=\"61fff3a\" data-element_type=\"column\">\n\t\t\t<div class=\"elementor-widget-wrap elementor-element-populated\">\n\t\t\t\t\t\t<div class=\"elementor-element elementor-element-8e45e15 elementor-widget elementor-widget-shortcode\" data-id=\"8e45e15\" data-element_type=\"widget\" data-widget_type=\"shortcode.default\">\n\t\t\t\t<div class=\"elementor-widget-container\">\n\t\t\t\t\t<div class=\"elementor-shortcode\"><div\n\tclass=\"betterdocs-faq-wrapper layout-classic icon-after  betterdocs-shortcode\">\n\t<h2 class=\"betterdocs-faq-section-title\">\n\t\tFrequently Asked Questions\t<\/h2>\n\n\t<div class=\"betterdocs-faq-inner-wrapper\">\n\t\t<div class=\"betterdocs-faq-title\">\n\t<h2>Passeport<\/h2>\n<\/div>\n<ul class=\"betterdocs-faq-list\"><li><div class=\"betterdocs-faq-group\"><div class=\"betterdocs-faq-post\">\n\t<div class=\"betterdocs-faq-post-icon-group\"><svg class=\"betterdocs-faq-iconplus\" xmlns=\"http:\/\/www.w3.org\/2000\/svg\" viewbox=\"0 0 24 24\"><path fill=\"#000000\" d=\"M18 10h-4V6h-4v4H6v4h4v4h4v-4h4\"><\/path><\/svg><svg class=\"betterdocs-faq-iconminus\" xmlns=\"http:\/\/www.w3.org\/2000\/svg\" viewbox=\"0 0 24 24\"><path fill=\"#000000\" d=\"M6 10h12v4H6z\"><\/path><\/svg><\/div>\t<span class=\"betterdocs-faq-post-name\">\n\t\tComment obtenir mon droit de passeport, si je suis majeur ?\t<\/span>\n\t<\/div>\n<div class=\"betterdocs-faq-main-content\" >\n\t<p style=\"text-align:justify\">&nbsp;<span style=\"font-size: 12pt;font-family: Times New Roman\">Si vous \u00eates majeur, vous devez vous rendre \u00e0 un bureau de la DGI accompagn\u00e9 de votre<\/span><a href=\"\/ht\/dgi_sev\/la-matricule-fiscale\/\" target=\"_blank\" rel=\"noopener\"><span style=\"font-size: 12pt;font-family: Times New Roman\"> matricule fiscal<\/span><\/a><span style=\"font-size: 12pt;font-family: Times New Roman\">  valide et de votre <\/span><a href=\"\/ht\/dgi_sev\/declaration-definitive-impot-revenu\/\" target=\"_blank\" rel=\"noopener\"><span style=\"font-size: 12pt;font-family: Times New Roman\">d\u00e9claration d\u00e9finitive d\u2019imp\u00f4t sur le revenu<\/span><\/a><span style=\"font-size: 12pt;font-family: Times New Roman\"> . Le montant du <\/span><a href=\"\/ht\/dgi_sev\/le-droit-de-passeport\/\" target=\"_blank\" rel=\"noopener\"><span style=\"font-size: 12pt;font-family: Times New Roman\">droit de passeport<\/span><\/a><span style=\"font-size: 12pt;font-family: Times New Roman\">  est de huit mille (8000) Gourdes. Le passeport de 32 pages le passeport sera valide pour une p\u00e9riode de 10 ans.<\/span>&nbsp;<\/p>\n<\/div>\n<\/div><\/li><li><div class=\"betterdocs-faq-group\"><div class=\"betterdocs-faq-post\">\n\t<div class=\"betterdocs-faq-post-icon-group\"><svg class=\"betterdocs-faq-iconplus\" xmlns=\"http:\/\/www.w3.org\/2000\/svg\" viewbox=\"0 0 24 24\"><path fill=\"#000000\" d=\"M18 10h-4V6h-4v4H6v4h4v4h4v-4h4\"><\/path><\/svg><svg class=\"betterdocs-faq-iconminus\" xmlns=\"http:\/\/www.w3.org\/2000\/svg\" viewbox=\"0 0 24 24\"><path fill=\"#000000\" d=\"M6 10h12v4H6z\"><\/path><\/svg><\/div>\t<span class=\"betterdocs-faq-post-name\">\n\t\tComment obtenir un droit de passeport pour mineur\t<\/span>\n\t<\/div>\n<div class=\"betterdocs-faq-main-content\" >\n\t<p style=\"text-align:justify\">&nbsp;<span style=\"font-size: 12pt;font-family: Times New Roman\">Pour le mineur, vous aurez besoin de la <\/span><a href=\"\/ht\/dgi_sev\/la-matricule-fiscale\/\" target=\"_blank\" rel=\"noopener\"><span style=\"font-size: 12pt;font-family: Times New Roman\">matricule fiscale<\/span><\/a><span style=\"font-size: 12pt;font-family: Times New Roman\">  de la personne responsable du mineur et de sa<\/span><a href=\"\/ht\/dgi_sev\/declaration-definitive-impot-revenu\/\" target=\"_blank\" rel=\"noopener\"><span style=\"font-size: 12pt;font-family: Times New Roman\"> d\u00e9claration d\u00e9finitive d\u2019imp\u00f4t sur le revenu<\/span><\/a><span style=\"font-size: 12pt;font-family: Times New Roman\"> , de l\u2019extrait d\u2019archive du mineur et d\u2019un acte notari\u00e9 (acte \u00e9tabli et sign\u00e9 par un notaire). Le montant du <\/span><a href=\"\/ht\/dgi_sev\/le-droit-de-passeport\/\" target=\"_blank\" rel=\"noopener\"><span style=\"font-size: 12pt;font-family: Times New Roman\">droit de passeport<\/span><\/a><span style=\"font-size: 12pt;font-family: Times New Roman\">  est de deux mille cinq cents (2500) Gourdes pour le passeport de 32 pages. Le passeport sera valide pour une p\u00e9riode de cinq (5) ans.<\/span>&nbsp;<\/p>\n<\/div>\n<\/div><\/li><li><div class=\"betterdocs-faq-group\"><div class=\"betterdocs-faq-post\">\n\t<div class=\"betterdocs-faq-post-icon-group\"><svg class=\"betterdocs-faq-iconplus\" xmlns=\"http:\/\/www.w3.org\/2000\/svg\" viewbox=\"0 0 24 24\"><path fill=\"#000000\" d=\"M18 10h-4V6h-4v4H6v4h4v4h4v-4h4\"><\/path><\/svg><svg class=\"betterdocs-faq-iconminus\" xmlns=\"http:\/\/www.w3.org\/2000\/svg\" viewbox=\"0 0 24 24\"><path fill=\"#000000\" d=\"M6 10h12v4H6z\"><\/path><\/svg><\/div>\t<span class=\"betterdocs-faq-post-name\">\n\t\tInformations suppl\u00e9mentaires\t<\/span>\n\t<\/div>\n<div class=\"betterdocs-faq-main-content\" >\n\t<p style=\"text-align:justify\">&nbsp;<span style=\"font-size: 12pt;font-family: Times New Roman\">Dans le cas de renouvellement de passeport, par suite d\u2019alt\u00e9ration ou d\u2019annulation, le montant \u00e0 payer reste inchang\u00e9. Il en sera de m\u00eame pour tout passeport valide dont les pages du livret ont \u00e9t\u00e9 enti\u00e8rement utilis\u00e9es.<\/span> <span style=\"font-size: 12pt;font-family: Times New Roman\">NB : Le <\/span><a href=\"\/ht\/dgi_sev\/le-droit-de-passeport\/\" target=\"_blank\" rel=\"noopener\"><span style=\"font-size: 12pt;font-family: Times New Roman\">droit de passeport<\/span><\/a><span style=\"font-size: 12pt;font-family: Times New Roman\">  est valide pour un exercice fiscal<\/span>&nbsp;<\/p>\n<\/div>\n<\/div><\/li><\/ul><div class=\"betterdocs-faq-title\">\n\t<h2>Droit de teinte<\/h2>\n<\/div>\n<ul class=\"betterdocs-faq-list\"><li><div class=\"betterdocs-faq-group\"><div class=\"betterdocs-faq-post\">\n\t<div class=\"betterdocs-faq-post-icon-group\"><svg class=\"betterdocs-faq-iconplus\" xmlns=\"http:\/\/www.w3.org\/2000\/svg\" viewbox=\"0 0 24 24\"><path fill=\"#000000\" d=\"M18 10h-4V6h-4v4H6v4h4v4h4v-4h4\"><\/path><\/svg><svg class=\"betterdocs-faq-iconminus\" xmlns=\"http:\/\/www.w3.org\/2000\/svg\" viewbox=\"0 0 24 24\"><path fill=\"#000000\" d=\"M6 10h12v4H6z\"><\/path><\/svg><\/div>\t<span class=\"betterdocs-faq-post-name\">\n\t\tQuelles sont les pi\u00e8ces requises pour une personne morale d\u00e9sirant obtenir un droit de teinte de v\u00e9hicules ?\t<\/span>\n\t<\/div>\n<div class=\"betterdocs-faq-main-content\" >\n\t<p>Les pi\u00e8ces exig\u00e9es pour une personne morale d\u00e9sirant payer un droit de teinte de v\u00e9hicules sont les suivantes :&nbsp;&nbsp;<\/p>\n<ul>\n<li><a href=\"\/ht\/dgi_sev\/le-quitus-fiscal\/\" target=\"_blank\" rel=\"noopener\">Quitus fiscal<\/a>  ou <a href=\"\/ht\/dgi_sev\/la-patente\/\" target=\"_blank\" rel=\"noopener\">patente <\/a> valide&nbsp;&nbsp;<\/li>\n<li>Carte grise ou carte d\u2019enregistrement du v\u00e9hicule valide&nbsp;<\/li>\n<li>Police d\u2019assurance valide&nbsp;<\/li>\n<li>Carte d\u2019<a href=\"\/ht\/dgi_sev\/la-matricule-fiscale\/\" target=\"_blank\" rel=\"noopener\">immatriculation fiscale <\/a>&nbsp;<\/li>\n<li>La somme de mille (10000) Gourdes pour le paiement du droit de teinte des v\u00e9hicules +DSAV (2\/1000)<\/li>\n<\/ul>\n<\/div>\n<\/div><\/li><li><div class=\"betterdocs-faq-group\"><div class=\"betterdocs-faq-post\">\n\t<div class=\"betterdocs-faq-post-icon-group\"><svg class=\"betterdocs-faq-iconplus\" xmlns=\"http:\/\/www.w3.org\/2000\/svg\" viewbox=\"0 0 24 24\"><path fill=\"#000000\" d=\"M18 10h-4V6h-4v4H6v4h4v4h4v-4h4\"><\/path><\/svg><svg class=\"betterdocs-faq-iconminus\" xmlns=\"http:\/\/www.w3.org\/2000\/svg\" viewbox=\"0 0 24 24\"><path fill=\"#000000\" d=\"M6 10h12v4H6z\"><\/path><\/svg><\/div>\t<span class=\"betterdocs-faq-post-name\">\n\t\tQuelles sont les pi\u00e8ces requises pour une personne physique d\u00e9sirant payer un droit de teinte de v\u00e9hicules ?\t<\/span>\n\t<\/div>\n<div class=\"betterdocs-faq-main-content\" >\n\t<p style=\"text-align:justify\">&nbsp;<span style=\"font-size: 12pt;font-family: Times New Roman\">Les pi\u00e8ces requises pour une personne physique d\u00e9sirant payer un droit de teinte de v\u00e9hicules sont les suivantes :<\/span>&nbsp;<\/p>\n<ul>\n<li style=\"text-align:justify\"><span style=\"font-size: 12pt;font-family: Times New Roman\">Carte grise ou carte d\u2019enregistrement valide du v\u00e9hicule <\/span>&nbsp;<\/li>\n<li><span style=\"font-size: 12pt;font-family: Times New Roman\">Police d\u2019assurance valide <\/span>&nbsp;<\/li>\n<li style=\"text-align:justify\"><a href=\"\/ht\/dgi_sev\/la-matricule-fiscale\/\" target=\"_blank\" rel=\"noopener\"><span style=\"font-size: 12pt;font-family: Times New Roman\">Matricule fiscal<\/span><\/a><span style=\"font-size: 12pt;font-family: Times New Roman\">e  valide du propri\u00e9taire <\/span>&nbsp;<\/li>\n<li style=\"text-align:justify\"><a href=\"\/ht\/dgi_sev\/taxe-permis-de-conduire\/\" target=\"_blank\" rel=\"noopener\"><span style=\"font-size: 12pt;font-family: Times New Roman\">Permis de conduire<\/span><\/a><span style=\"font-size: 12pt;font-family: Times New Roman\">  valide du propri\u00e9taire <\/span>&nbsp;<\/li>\n<li style=\"text-align:justify\"><span style=\"font-size: 12pt;font-family: Times New Roman\">La somme de mille (10000) Gourdes pour le paiement du droit de teinte des v\u00e9hicules +DSAV (2\/1000)<\/span>&nbsp;<\/li>\n<li><span style=\"font-size: 12pt;font-family: Times New Roman\">Certificat de<\/span><a href=\"\/ht\/dgi_sev\/declaration-definitive-impot-revenu\/\" target=\"_blank\" rel=\"noopener\"><span style=\"font-size: 12pt;font-family: Times New Roman\"> d\u00e9claration d\u00e9finitive<\/span><\/a><span style=\"font-size: 12pt;font-family: Times New Roman\">  d\u2019imp\u00f4t du propri\u00e9taire <\/span>&nbsp;<\/li>\n<\/ul>\n<\/div>\n<\/div><\/li><li><div class=\"betterdocs-faq-group\"><div class=\"betterdocs-faq-post\">\n\t<div class=\"betterdocs-faq-post-icon-group\"><svg class=\"betterdocs-faq-iconplus\" xmlns=\"http:\/\/www.w3.org\/2000\/svg\" viewbox=\"0 0 24 24\"><path fill=\"#000000\" d=\"M18 10h-4V6h-4v4H6v4h4v4h4v-4h4\"><\/path><\/svg><svg class=\"betterdocs-faq-iconminus\" xmlns=\"http:\/\/www.w3.org\/2000\/svg\" viewbox=\"0 0 24 24\"><path fill=\"#000000\" d=\"M6 10h12v4H6z\"><\/path><\/svg><\/div>\t<span class=\"betterdocs-faq-post-name\">\n\t\tProc\u00e9dure\t<\/span>\n\t<\/div>\n<div class=\"betterdocs-faq-main-content\" >\n\t<ol>\n<li style=\"text-align:justify\"><span>Muni des documents requis, le contribuable se pr\u00e9sentera \u00e0 l\u2019accueil du DDI ou du CDI le plus proche de son domicile, avec \u00ab un formulaire de demande d\u2019autorisation \u00bb fourni par le service de circulation qu\u2019il aura \u00e0 remplir et ensuite d\u00e9pos\u00e9 pour \u00e9valuation.<\/span>&nbsp;&nbsp;<\/li>\n<li style=\"text-align:justify\"><span>Si la demande est valid\u00e9e, le contribuable recevra un bordereau qu\u2019il aura \u00e0 payer. <\/span>&nbsp;<\/li>\n<li style=\"text-align:justify\"><span>Sur pr\u00e9sentation du bordereau pay\u00e9, on proc\u00e9dera \u00e0 l\u2019impression du certificat d\u2019autorisation qu\u2019on lui remettra. <\/span>&nbsp;&nbsp;<\/li>\n<\/ol>\n<\/div>\n<\/div><\/li><\/ul><div class=\"betterdocs-faq-title\">\n\t<h2>Matricule Fiscale<\/h2>\n<\/div>\n<ul class=\"betterdocs-faq-list\"><li><div class=\"betterdocs-faq-group\"><div class=\"betterdocs-faq-post\">\n\t<div class=\"betterdocs-faq-post-icon-group\"><svg class=\"betterdocs-faq-iconplus\" xmlns=\"http:\/\/www.w3.org\/2000\/svg\" viewbox=\"0 0 24 24\"><path fill=\"#000000\" d=\"M18 10h-4V6h-4v4H6v4h4v4h4v-4h4\"><\/path><\/svg><svg class=\"betterdocs-faq-iconminus\" xmlns=\"http:\/\/www.w3.org\/2000\/svg\" viewbox=\"0 0 24 24\"><path fill=\"#000000\" d=\"M6 10h12v4H6z\"><\/path><\/svg><\/div>\t<span class=\"betterdocs-faq-post-name\">\n\t\tComment obtenir ma premi\u00e8re carte d\u2019immatriculation fiscale si je suis une personne physique ?\t<\/span>\n\t<\/div>\n<div class=\"betterdocs-faq-main-content\" >\n\t<p>Pour une premi\u00e8re carte d\u2019<a href=\"\/ht\/dgi_sev\/la-matricule-fiscale\/\" target=\"_blank\" rel=\"noopener\">immatriculation fiscale<\/a>  vous devez vous rendre au bureau de la DGI le plus proche de votre domicile.  Les pi\u00e8ces requises sont :<\/p>\n<ul>\n<li>votre acte naissance ou extrait d\u2019archive&nbsp;<\/li>\n<li>mille (1000) Gourdes si vous \u00eates en situation d\u2019emploi ou deux cent cinquante (250 )  Gourdes si vous \u00eates un journalier, un vacataire ou une personne en qu\u00eate d\u2019emploi<\/li>\n<li>la <a href=\"\/ht\/dgi_sev\/la-matricule-fiscale\/\" target=\"_blank\" rel=\"noopener\">matricule <\/a> est d\u00e9livr\u00e9e sur place.<\/li>\n<\/ul>\n<\/div>\n<\/div><\/li><li><div class=\"betterdocs-faq-group\"><div class=\"betterdocs-faq-post\">\n\t<div class=\"betterdocs-faq-post-icon-group\"><svg class=\"betterdocs-faq-iconplus\" xmlns=\"http:\/\/www.w3.org\/2000\/svg\" viewbox=\"0 0 24 24\"><path fill=\"#000000\" d=\"M18 10h-4V6h-4v4H6v4h4v4h4v-4h4\"><\/path><\/svg><svg class=\"betterdocs-faq-iconminus\" xmlns=\"http:\/\/www.w3.org\/2000\/svg\" viewbox=\"0 0 24 24\"><path fill=\"#000000\" d=\"M6 10h12v4H6z\"><\/path><\/svg><\/div>\t<span class=\"betterdocs-faq-post-name\">\n\t\tQue faire en cas de perte de ma matricule fiscale ?\t<\/span>\n\t<\/div>\n<div class=\"betterdocs-faq-main-content\" >\n\t<p>En cas de perte, il faut faire une d\u00e9claration de perte aupr\u00e8s de la police. Ensuite, il faut vous rendre au bureau de la DGI le plus proche de votre domicile, avec un justificatif d\u2019identit\u00e9 (passeport, permis de conduire\u2026), et la d\u00e9claration de perte de la police. Le montant \u00e0 payer est le m\u00eame que pour une nouvelle carte mille (1000) Gourdes si vous \u00eates en situation d\u2019emploi ou deux-cent cinquante (250) Gourdes si vous \u00eates un journalier, un vacataire ou une personne en qu\u00eate d\u2019emploi. La <a href=\"\/ht\/dgi_sev\/la-matricule-fiscale\/\" target=\"_blank\" rel=\"noopener\">matricule<\/a>  est d\u00e9livr\u00e9e sur place<\/p>\n<\/div>\n<\/div><\/li><li><div class=\"betterdocs-faq-group\"><div class=\"betterdocs-faq-post\">\n\t<div class=\"betterdocs-faq-post-icon-group\"><svg class=\"betterdocs-faq-iconplus\" xmlns=\"http:\/\/www.w3.org\/2000\/svg\" viewbox=\"0 0 24 24\"><path fill=\"#000000\" d=\"M18 10h-4V6h-4v4H6v4h4v4h4v-4h4\"><\/path><\/svg><svg class=\"betterdocs-faq-iconminus\" xmlns=\"http:\/\/www.w3.org\/2000\/svg\" viewbox=\"0 0 24 24\"><path fill=\"#000000\" d=\"M6 10h12v4H6z\"><\/path><\/svg><\/div>\t<span class=\"betterdocs-faq-post-name\">\n\t\tQue faire si j\u2019ai deux Num\u00e9ros d\u2019Identification Fiscale (NIF) ?\t<\/span>\n\t<\/div>\n<div class=\"betterdocs-faq-main-content\" >\n\t<p>En cas de double NIF, il faut adresser une correspondance \u00e0 la Direction G\u00e9n\u00e9rale des Imp\u00f4ts. La lettre doit mentionner les deux NIF en question et pr\u00e9ciser celui que vous d\u00e9sirez garder. La lettre doit \u00eatre d\u00e9pos\u00e9e au secr\u00e9tariat g\u00e9n\u00e9ral de la DGI situ\u00e9 au num\u00e9ro 62, avenue Christophe Port-au-Prince. Pour les contribuables se trouvant dans les villes de provinces, ils pourront toutefois acheminer leur correspondance \u00e0 la DDI la plus proche de leur domicile.&nbsp;<\/p>\n<\/div>\n<\/div><\/li><\/ul><div class=\"betterdocs-faq-title\">\n\t<h2>Droit de timbre<\/h2>\n<\/div>\n<ul class=\"betterdocs-faq-list\"><li><div class=\"betterdocs-faq-group\"><div class=\"betterdocs-faq-post\">\n\t<div class=\"betterdocs-faq-post-icon-group\"><svg class=\"betterdocs-faq-iconplus\" xmlns=\"http:\/\/www.w3.org\/2000\/svg\" viewbox=\"0 0 24 24\"><path fill=\"#000000\" d=\"M18 10h-4V6h-4v4H6v4h4v4h4v-4h4\"><\/path><\/svg><svg class=\"betterdocs-faq-iconminus\" xmlns=\"http:\/\/www.w3.org\/2000\/svg\" viewbox=\"0 0 24 24\"><path fill=\"#000000\" d=\"M6 10h12v4H6z\"><\/path><\/svg><\/div>\t<span class=\"betterdocs-faq-post-name\">\n\t\tComment obtenir le droit de timbre pour obtenir un certificat de bonne vie et m\u0153urs ?\t<\/span>\n\t<\/div>\n<div class=\"betterdocs-faq-main-content\" >\n\t<p>Si vous voulez faire un certificat de bonne vie et m\u0153urs vous devez vous rendre \u00e0 un bureau de la DGI muni de :&nbsp;<\/p>\n<ul>\n<li>votre carte d\u2019<a href=\"\/ht\/dgi_sev\/la-matricule-fiscale\/\" target=\"_blank\" rel=\"noopener\">immatricule fiscale<\/a>  \u00e0 jour&nbsp;<\/li>\n<li>le droit de timbre pour le CBVM est de cent deux  (102) Gourdes&nbsp;<\/li>\n<\/ul>\n<p>&nbsp;Une fois le bordereau pay\u00e9 vous pouvez vous rendre \u00e0 la DCPJ.<\/p>\n<p><\/p>\n<\/div>\n<\/div><\/li><\/ul><div class=\"betterdocs-faq-title\">\n\t<h2>Quitus Fiscal<\/h2>\n<\/div>\n<ul class=\"betterdocs-faq-list\"><li><div class=\"betterdocs-faq-group\"><div class=\"betterdocs-faq-post\">\n\t<div class=\"betterdocs-faq-post-icon-group\"><svg class=\"betterdocs-faq-iconplus\" xmlns=\"http:\/\/www.w3.org\/2000\/svg\" viewbox=\"0 0 24 24\"><path fill=\"#000000\" d=\"M18 10h-4V6h-4v4H6v4h4v4h4v-4h4\"><\/path><\/svg><svg class=\"betterdocs-faq-iconminus\" xmlns=\"http:\/\/www.w3.org\/2000\/svg\" viewbox=\"0 0 24 24\"><path fill=\"#000000\" d=\"M6 10h12v4H6z\"><\/path><\/svg><\/div>\t<span class=\"betterdocs-faq-post-name\">\n\t\tC\u2019est quoi un quitus fiscal ?\t<\/span>\n\t<\/div>\n<div class=\"betterdocs-faq-main-content\" >\n\t<p>Le <a href=\"\/ht\/dgi_sev\/le-quitus-fiscal\/\" target=\"_blank\" rel=\"noopener\">quitus fiscal<\/a>  est un certificat d\u00e9livr\u00e9 par la Direction G\u00e9n\u00e9rale des Imp\u00f4ts \u00e0 un contribuable attestant que celui-ci est en r\u00e8gle avec le Fisc.&nbsp;<\/p>\n<p><\/p>\n<p>Il en existe trois (3) types :&nbsp;<\/p>\n<p>1)\tQuitus type A, pour les entreprises qui s\u2019adonnent aux op\u00e9rations de d\u00e9douanement des marchandises (import-export).&nbsp;<\/p>\n<p>2)\tQuitus type B, pour les institutions \u00e0 but non lucratif.&nbsp;<\/p>\n<p>3)\tQuitus type C, pour les entreprises qui veulent participer \u00e0 des appels d\u2019offre. Pour l\u2019avoir elles doivent payer un droit de mille (1000) gourdes. C\u2019est le seul qui est payant.<\/p>\n<p><\/p>\n<\/div>\n<\/div><\/li><li><div class=\"betterdocs-faq-group\"><div class=\"betterdocs-faq-post\">\n\t<div class=\"betterdocs-faq-post-icon-group\"><svg class=\"betterdocs-faq-iconplus\" xmlns=\"http:\/\/www.w3.org\/2000\/svg\" viewbox=\"0 0 24 24\"><path fill=\"#000000\" d=\"M18 10h-4V6h-4v4H6v4h4v4h4v-4h4\"><\/path><\/svg><svg class=\"betterdocs-faq-iconminus\" xmlns=\"http:\/\/www.w3.org\/2000\/svg\" viewbox=\"0 0 24 24\"><path fill=\"#000000\" d=\"M6 10h12v4H6z\"><\/path><\/svg><\/div>\t<span class=\"betterdocs-faq-post-name\">\n\t\tQuelles sont les proc\u00e9dures \u00e0 suivre pour obtenir un quitus fiscal ?\t<\/span>\n\t<\/div>\n<div class=\"betterdocs-faq-main-content\" >\n\t<p>Pour avoir son quitus fiscal, le contribuable doit s\u2019adresser au bureau de la DGI (DGC, DMC, CDI \u2026)  auquel il est enr\u00f4ler  pour faire la demande.&nbsp;<\/p>\n<p>Il aura un formulaire de demande de Quitus \u00e0 remplir dans lequel il devra s\u2019identifier en pr\u00e9cisant : son nom, son adresse, son num\u00e9ro d\u2019identification fiscal (CIF\/NIF), son agr\u00e9ment etc.&nbsp;<\/p>\n<p>Il aura \u00e0 fournir les documents suivants :&nbsp;<\/p>\n<p>1)\tSa <a href=\"\/ht\/dgi_sev\/la-patente\/\" target=\"_blank\" rel=\"noopener\">patente<\/a>  \u00e0 jour&nbsp;<\/p>\n<p>2)\tSa carte d\u2019identification fiscale \u00e0 jour (CIF, Matricule)&nbsp;<\/p>\n<p>3)\tLa <a href=\"\/ht\/dgi_sev\/declaration-definitive-impot-revenu\/\" target=\"_blank\" rel=\"noopener\">D\u00e9claration d\u00e9finitive d\u2019imp\u00f4ts<\/a>  du contribuable si c\u2019est une personne physique, celle du responsable si c\u2019est une personne morale.<\/p>\n<p>4)\tDocument prouvant le paiement des taxes mensuelles auxquelles il est assujetti (au moins trois dernier mois)<\/p>\n<p>5)\tUne lettre du directeur du bureau de la DGI auquel il est enr\u00f4l\u00e9 affirmant qu\u2019il a rempli ses obligations fiscales.<\/p>\n<p>6)\tLe re\u00e7u du paiement du droit de quitus en cas du type C.&nbsp;<\/p>\n<p><\/p>\n<\/div>\n<\/div><\/li><\/ul>\t<\/div>\n<\/div>\n<\/div>\n\t\t\t\t<\/div>\n\t\t\t\t<\/div>\n\t\t\t\t\t<\/div>\n\t\t<\/div>\n\t\t\t\t\t<\/div>\n\t\t<\/section>\n\t\t\t\t<\/div>","protected":false},"excerpt":{"rendered":"","protected":false},"author":1,"featured_media":0,"parent":0,"menu_order":0,"comment_status":"closed","ping_status":"closed","template":"","meta":{"_eb_attr":"","_monsterinsights_skip_tracking":false,"_monsterinsights_sitenote_active":false,"_monsterinsights_sitenote_note":"","_monsterinsights_sitenote_category":0,"footnotes":""},"class_list":["post-7722","page","type-page","status-publish","hentry"],"aioseo_notices":[],"_links":{"self":[{"href":"https:\/\/dgi.gouv.ht\/ht\/wp-json\/wp\/v2\/pages\/7722","targetHints":{"allow":["GET"]}}],"collection":[{"href":"https:\/\/dgi.gouv.ht\/ht\/wp-json\/wp\/v2\/pages"}],"about":[{"href":"https:\/\/dgi.gouv.ht\/ht\/wp-json\/wp\/v2\/types\/page"}],"author":[{"embeddable":true,"href":"https:\/\/dgi.gouv.ht\/ht\/wp-json\/wp\/v2\/users\/1"}],"replies":[{"embeddable":true,"href":"https:\/\/dgi.gouv.ht\/ht\/wp-json\/wp\/v2\/comments?post=7722"}],"version-history":[{"count":5,"href":"https:\/\/dgi.gouv.ht\/ht\/wp-json\/wp\/v2\/pages\/7722\/revisions"}],"predecessor-version":[{"id":7729,"href":"https:\/\/dgi.gouv.ht\/ht\/wp-json\/wp\/v2\/pages\/7722\/revisions\/7729"}],"wp:attachment":[{"href":"https:\/\/dgi.gouv.ht\/ht\/wp-json\/wp\/v2\/media?parent=7722"}],"curies":[{"name":"wp","href":"https:\/\/api.w.org\/{rel}","templated":true}]}}