{"id":8437,"date":"2023-11-22T20:51:37","date_gmt":"2023-11-23T01:51:37","guid":{"rendered":"https:\/\/dgi.gouv.ht\/jobs\/"},"modified":"2023-11-29T02:53:15","modified_gmt":"2023-11-29T07:53:15","slug":"offres-emplois","status":"publish","type":"page","link":"https:\/\/dgi.gouv.ht\/ht\/offres-emplois\/","title":{"rendered":"Nos Offres d&rsquo;Emplois"},"content":{"rendered":"<div data-elementor-type=\"wp-page\" data-elementor-id=\"8437\" class=\"elementor elementor-8437\">\n\t\t\t\t\t\t<section data-particle_enable=\"false\" data-particle-mobile-disabled=\"false\" class=\"elementor-section elementor-top-section elementor-element elementor-element-def3fee elementor-section-boxed elementor-section-height-default elementor-section-height-default\" data-id=\"def3fee\" data-element_type=\"section\">\n\t\t\t\t\t\t<div class=\"elementor-container elementor-column-gap-default\">\n\t\t\t\t\t<div class=\"elementor-column elementor-col-100 elementor-top-column elementor-element elementor-element-6f7d52c\" data-id=\"6f7d52c\" data-element_type=\"column\">\n\t\t\t<div class=\"elementor-widget-wrap elementor-element-populated\">\n\t\t\t\t\t\t<div class=\"elementor-element elementor-element-6226d9c elementor-widget elementor-widget-shortcode\" data-id=\"6226d9c\" data-element_type=\"widget\" data-widget_type=\"shortcode.default\">\n\t\t\t\t<div class=\"elementor-widget-container\">\n\t\t\t\t\t<div class=\"elementor-shortcode\"><div class=\"sjb-page\">\r\n<!-- Start: Jobs Listing Wrapper -->\r\n\r\n\r\n<!-- Start Job Filters\r\n================================================== -->\r\n<div class=\"sjb-filters sjb-filters-v2\">\r\n        <form class=\"filters-form\" action=\"https:\/\/dgi.gouv.ht\/ht\/offres-emplois\/\" method=\"get\" data-trp-original-action=\"https:\/\/dgi.gouv.ht\/ht\/offres-emplois\/\">\r\n        <div class=\"row\">\r\n            \r\n    <!-- Keywords Search-->    \r\n    <div class=\"sjb-search-keywords col-md-12 col-xs-12\">\r\n        <div class=\"form-group\">\r\n                        <label class=\"sr-only\" for=\"keywords\">Keywords<\/label>\r\n            <input type=\"text\" class=\"form-control\" value=\"\" placeholder=\"Keywords\" id=\"keywords\" name=\"search_keywords\">\r\n        <\/div>\r\n    <\/div>\r\n    \r\n    <!-- Category Filter-->        \r\n    <div class=\"sjb-search-categories col-md-3 col-xs-12\">\r\n        <div class=\"form-group\">\r\n            <select name='selected_category' id='category' class='form-control'>\n\t<option value='-1'>Category<\/option>\n\t<option class=\"level-0\" value=\"finance\">Finance<\/option>\n\t<option class=\"level-0\" value=\"fiscalite\">Fiscalit\u00e9<\/option>\n\t<option class=\"level-0\" value=\"technologie\">Technologie<\/option>\n<\/select>\n        <\/div>\r\n    <\/div>\r\n     \r\n\r\n    <!-- Job Type Filter -->\r\n    <div class=\"sjb-search-job-type col-md-3 col-xs-12\">\r\n        <div class=\"form-group\">\r\n            <select name='selected_jobtype' id='jobtype' class='form-control'>\n\t<option value='-1'>Job Type<\/option>\n\t<option class=\"level-0\" value=\"contrat\">Contrat<\/option>\n\t<option class=\"level-0\" value=\"temps-plein\">Temps plein<\/option>\n<\/select>\n        <\/div>\r\n    <\/div>\r\n    <div class=\"sjb-search-button col-md-3 col-xs-12\"><input class=\"btn-search btn btn-primary\" value=\"&#xf002;\" type=\"submit\"><\/div>        <\/div>\r\n    <input type=\"hidden\" name=\"trp-form-language\" value=\"ht\"\/><\/form>\r\n<\/div>\r\n<!-- ==================================================\r\nEnd Job Filters -->\r\n\r\n\r\n<div class=\"sjb-listing\">\r\n        <!-- start Jobs Listing: List View -->\r\n    <div class=\"list-view\">\r\n        \r\n    \r\n<!-- Start Jobs List View \r\n================================================== -->\r\n<div class=\"list-data\">\r\n    <div class=\"v2 sjb-job-8809\">\r\n\r\n        <!-- Jobs List view header -->\r\n        <header>\r\n            <div class=\"row\">\r\n                \r\n                <div class=\"col-md-12 col-sm-12\">\r\n                    <div class=\"sjb-company-wrapper-details-list\">\r\n                        <div class=\"row\">\r\n                            \r\n<!-- Start Company Logo\r\n================================================== -->\r\n<div class=\"col-md-8 col-sm-8\">\r\n    \r\n    <!-- ==================================================\r\nEnd Company Logo -->\r\n\r\n    <div class=\"sjb-without-logo\">\r\n    <div class=\"job-info\">\r\n        <h4>\r\n            <a href=\"https:\/\/dgi.gouv.ht\/ht\/poste-vaccant\/verificateur-junior\/\">\r\n                <span class=\"job-title\">V\u00e9rificateur junior<\/span>            <\/a>\r\n        <\/h4>\r\n        <div class=\"sjb-company-details\">\r\n            <i class=\"fa  fa-building\"><\/i><span class=\"company-name\">DGI<\/span>        <\/div>\r\n            <\/div>\r\n<\/div>\r\n<\/div>\r\n\r\n<!-- Start apply now button\r\n================================================== -->\r\n<div class=\"col-md-4 col-sm-4 col-xs-12 sjb-apply-now-btn\">\r\n\t<p><a href=\"javascript:void(0)\" id=\"quick-apply-btn\" class=\"btn btn-primary\" job_id=\"8809\">Postuler <\/a><a href=\"https:\/\/dgi.gouv.ht\/ht\/poste-vaccant\/verificateur-junior\/\" class=\"btn btn-primary\">Postuler Maintenant<\/a><\/p><\/div>\r\n<!-- ==================================================\r\nEnd apply now button -->\r\n\r\n                        <\/div>\r\n                    <\/div>\r\n                <\/div>\r\n             \r\n                <div class=\"clearfix\"><\/div>\r\n                <div class=\"col-md-12 col-sm-12\">\r\n                    <div class=\"sjb-job-type-location-date\">\r\n                        <div class=\"row\">\r\n                        \r\n<!-- Start Job Type\r\n================================================== -->\r\n \r\n<!-- ==================================================\r\nEnd Job Type -->\r\n\r\n\r\n<!-- Start Job's Location\r\n================================================== -->\r\n<!-- ==================================================\r\nEnd Job's Location -->\r\n\r\n\r\n<!-- Start Job Posted Date\r\n================================================== -->\r\n\t<div class=\"col-md-4 col-sm-4 col-xs-12\">\r\n                <div class=\"job-date\"><i class=\"fa  fa-calendar-check\"><\/i>Posted 2 years ago<\/div>\r\n\t<\/div>\r\n<!-- ==================================================\r\nEnd Job Posted Date -->\r\n\r\n                        <\/div>\r\n                    <\/div>\r\n\r\n                <\/div>\r\n            <\/div>\r\n            \r\n        <\/header>\r\n        \r\n\r\n        \r\n    <!-- View more content start\r\n    ================================= -->\r\n    \r\n<!-- View long content start \r\n================================================== -->\r\n<div class=\"sjb_more_content\" id=\"sjb_more_content_8809\">\r\n    <p>La Direction G\u00e9n\u00e9rale des Imp\u00f4ts (DGI), recrute, sur concours, cinq (5) v\u00e9rificateurs juniors, dans le cadre de l\u2019impl\u00e9mentation d\u2019un Service de v\u00e9rification \u00e0 la Direction D\u00e9partementale des Imp\u00f4ts du SudEst.<\/p><p><br \/><strong>Titre du poste : V\u00e9rificateur junior<\/strong><\/p><p><br \/><strong>1. Description du poste<\/strong><\/p><p><br \/>\uf0b7 Examiner les dossiers de v\u00e9rification qui lui sont attribu\u00e9s ;<br \/>\uf0b7 Collecter des informations utiles \u00e0 la r\u00e9alisation de la v\u00e9rification ;<br \/>\uf0b7 Planifier et r\u00e9aliser des taxations d\u2019office ;<br \/>\uf0b7 R\u00e9diger des rapports et des proc\u00e8s verbaux relativement au travail de v\u00e9rification ;<br \/>\uf0b7 Ex\u00e9cuter toute autre t\u00e2che li\u00e9e \u00e0 la v\u00e9rification sur pi\u00e8ces et sur place.<\/p><p><br \/><strong>2. Exigences du poste<\/strong><\/p><p><br \/>\uf0b7 D\u00e9tenir une licence ou un dipl\u00f4me \u00e9quivalent en comptabilit\u00e9, en finance, en gestion, en \u00e9conomie;<br \/>\uf0b7 Maitriser le cr\u00e9ole ha\u00eftien et le fran\u00e7ais ;<br \/>\uf0b7 \u00catre \u00e2g\u00e9 de vingt-cinq (25) \u00e0 trente-cinq (35) ans;<br \/>\uf0b7 \u00catre de nationalit\u00e9 ha\u00eftienne;<br \/>\uf0b7 Avoir la capacit\u00e9 de travailler en \u00e9quipe;<br \/>\uf0b7 \u00catre capable de travailler sous pression;<br \/>\uf0b7 Avoir le sens de la confidentialit\u00e9, de l\u2019impartialit\u00e9 et de l\u2019\u00e9thique;<br \/>\uf0b7 Avoir un bon jugement professionnel;<br \/>\uf0b7 Savoir r\u00e9diger des documents administratifs (rapport, proc\u00e8s verbal\u2026).<\/p><p><br \/><strong>3. Dossier de candidature<\/strong><\/p><p><br \/>Le dossier de candidature doit comporter les pi\u00e8ces suivantes:<br \/>\uf0b7 Curriculum vitae<br \/>\uf0b7 Copie de dipl\u00f4me<br \/>\uf0b7 Copie de relev\u00e9 de notes<br \/>\uf0b7 Lettre de motivation<br \/>\uf0b7 Deux lettres de r\u00e9f\u00e9rences de deux enseignants d\u2019universit\u00e9.<\/p><p><br \/><strong><em>Les int\u00e9ress\u00e9s peuvent soumettre leur candidature \u00e0 la Direction D\u00e9partementale des Imp\u00f4ts du Sud-est, Route de Baudouin, Jacmel, ou \u00e0 la Direction des Ressources Humaines au B\u00e2timent C3, \u00e0 l\u2019Ave Christophe au plus tard le 15 septembre 2017. <\/em><\/strong><\/p>    \r\n<!-- Start Job Features\r\n================================================== -->\r\n<div class=\"job-features\">\r\n            <h3>Job Features<\/h3>\r\n    \r\n    <table class=\"table\">\r\n        <tbody>\r\n                                            <div class='col-md-3 col-sm-6'>\r\n                                    <div class='sjb-title-value'>\r\n                                        <h4><i class='fa  fa-briefcase' aria-hidden='true'><\/i>caracteristique 1<\/h4>\r\n                                        <p>valeur 1<\/p>\r\n                                    <\/div>\r\n                                <\/div>\r\n                                        <\/tbody>\r\n    <\/table>\r\n\r\n<\/div>\r\n<!-- ==================================================\r\nEnd Job Features -->\r\n\r\n<div class=\"clearfix\"><\/div>\r\n<\/div>\r\n\r\n<div class=\"sjb-view-less-btn\" id=\"sjb_view_less_btn_8809\">\r\n    <a data-id=\"8809\" class=\"sjb_view_less_btn sjb_view_more_btn\">\r\n        View less            \r\n    <\/a>\r\n<\/div>\r\n<!-- ==================================================\r\nView long content end  -->\r\n\r\n    <!-- View more content end\r\n    ================================= -->\r\n\r\n    <!-- Start Job Short Description \r\n    ================================================== -->\r\n    <div class=\"job-description-list\">\r\n        <div id=\"sjb_less_content_8809\"><p>La Direction G\u00e9n\u00e9rale des Imp\u00f4ts (DGI), recrute, sur concours, cinq (5) v\u00e9rificateurs juniors, dans le cadre de l\u2019impl\u00e9mentation d\u2019un Service de v\u00e9rification \u00e0 la Direction D\u00e9partementale ...<\/p><\/div>    <\/div>\r\n    <!-- ==================================================\r\n    End Job Short Description  -->\r\n\r\n        <\/div>\r\n<\/div>\r\n<!-- ==================================================\r\nEnd Jobs List View -->\r\n\r\n<div class=\"clearfix\"><\/div>\r\n\r\n\r\n<!-- Start Jobs List View \r\n================================================== -->\r\n<div class=\"list-data\">\r\n    <div class=\"v2 sjb-job-8440\">\r\n\r\n        <!-- Jobs List view header -->\r\n        <header>\r\n            <div class=\"row\">\r\n                \r\n                <div class=\"col-md-12 col-sm-12\">\r\n                    <div class=\"sjb-company-wrapper-details-list\">\r\n                        <div class=\"row\">\r\n                            \r\n<!-- Start Company Logo\r\n================================================== -->\r\n<div class=\"col-md-8 col-sm-8\">\r\n    \r\n    <!-- ==================================================\r\nEnd Company Logo -->\r\n\r\n    <div class=\"sjb-without-logo\">\r\n    <div class=\"job-info\">\r\n        <h4>\r\n            <a href=\"https:\/\/dgi.gouv.ht\/ht\/poste-vaccant\/test-demploi\/\">\r\n                <span class=\"job-title\">Business Analyst<\/span>            <\/a>\r\n        <\/h4>\r\n        <div class=\"sjb-company-details\">\r\n            <i class=\"fa  fa-building\"><\/i><span class=\"company-name\">DGI<\/span>        <\/div>\r\n            <\/div>\r\n<\/div>\r\n<\/div>\r\n\r\n<!-- Start apply now button\r\n================================================== -->\r\n<div class=\"col-md-4 col-sm-4 col-xs-12 sjb-apply-now-btn\">\r\n\t<p><a href=\"javascript:void(0)\" id=\"quick-apply-btn\" class=\"btn btn-primary\" job_id=\"8440\">Postuler <\/a><a href=\"https:\/\/dgi.gouv.ht\/ht\/poste-vaccant\/test-demploi\/\" class=\"btn btn-primary\">Postuler Maintenant<\/a><\/p><\/div>\r\n<!-- ==================================================\r\nEnd apply now button -->\r\n\r\n                        <\/div>\r\n                    <\/div>\r\n                <\/div>\r\n             \r\n                <div class=\"clearfix\"><\/div>\r\n                <div class=\"col-md-12 col-sm-12\">\r\n                    <div class=\"sjb-job-type-location-date\">\r\n                        <div class=\"row\">\r\n                        \r\n<!-- Start Job Type\r\n================================================== -->\r\n\t<div class=\"col-md-2 col-sm-4 col-xs-12\">\r\n                <div class=\"job-type\"><i class=\"fa fa-briefcase\"><\/i>Temps plein<\/div>\r\n    <\/div>\r\n \r\n<!-- ==================================================\r\nEnd Job Type -->\r\n\r\n\r\n<!-- Start Job's Location\r\n================================================== -->\r\n<!-- ==================================================\r\nEnd Job's Location -->\r\n\r\n\r\n<!-- Start Job Posted Date\r\n================================================== -->\r\n\t<div class=\"col-md-4 col-sm-4 col-xs-12\">\r\n                <div class=\"job-date\"><i class=\"fa  fa-calendar-check\"><\/i>Posted 2 years ago<\/div>\r\n\t<\/div>\r\n<!-- ==================================================\r\nEnd Job Posted Date -->\r\n\r\n                        <\/div>\r\n                    <\/div>\r\n\r\n                <\/div>\r\n            <\/div>\r\n            \r\n        <\/header>\r\n        \r\n\r\n        \r\n    <!-- View more content start\r\n    ================================= -->\r\n    \r\n<!-- View long content start \r\n================================================== -->\r\n<div class=\"sjb_more_content\" id=\"sjb_more_content_8440\">\r\n    <!-- wp:paragraph -->\n<p>Au sein de la Direction des Syst\u00e8mes d'information Exploitation A\u00e9rienne le Business Analyst Connectivit\u00e9 Avion se positionne comme un v\u00e9ritable partenaire des m\u00e9tiers, lui conf\u00e9rant ainsi un r\u00f4le essentiel dans la strat\u00e9gie Corporate de renouvellement et modernisation de la flotte.<\/p>\n<!-- \/wp:paragraph -->\n\n<!-- wp:paragraph -->\n<p><br>En tant que Business Analyst, r\u00e9f\u00e9rent des syst\u00e8mes d'information Connectivit\u00e9 Avion, vous assisterez le Product Owner Transverse Connectivit\u00e9 dans tous les projets SI qui contribueront \u00e0 atteindre la cible :<\/p>\n<!-- \/wp:paragraph -->\n\n<!-- wp:list -->\n<ul><!-- wp:list-item -->\n<li><br>D'int\u00e9gration d'avions de nouvelles g\u00e9n\u00e9rations (B787, A350, A220 et B777 F) ainsi que leurs \u00e9volutions dans la flotte Air France,<\/li>\n<!-- \/wp:list-item -->\n\n<!-- wp:list-item -->\n<li><br>De d\u00e9mat\u00e9rialisation \/ digitalisation des \u00e9changes de donn\u00e9es entre le sol et l'avion y compris vers les EFB \u00ab Aircraft Attached \u00bb install\u00e9s dans les cockpits.<\/li>\n<!-- \/wp:list-item --><\/ul>\n<!-- \/wp:list -->\n\n<!-- wp:paragraph -->\n<p><br>Le Business Analyst Connectivit\u00e9 Avion travaille avec les responsables et experts du D\u00e9veloppement technique et Support Op\u00e9rationnel des Vols au sein de la Direction g\u00e9n\u00e9rale des op\u00e9rations a\u00e9riennes et la Maintenance et Ing\u00e9nierie Avion d'Air France, ainsi qu'avec les responsables et experts des services de l'informatique, des T\u00e9l\u00e9coms et de la S\u00e9curit\u00e9 IT.<\/p>\n<!-- \/wp:paragraph -->\n\n<!-- wp:paragraph -->\n<p><br>Vous faites le lien entre les diff\u00e9rents interlocuteurs au sein de la DGOA, DGSI, DGI et des autres Directions Air France utilisatrices des donn\u00e9es avions.<\/p>\n<!-- \/wp:paragraph -->\n\n<!-- wp:paragraph -->\n<p><br>Vous analysez les besoins des m\u00e9tiers avec une vision transverse pour contribuer \u00e0 la d\u00e9finition d'une strat\u00e9gie SI commune li\u00e9e \u00e0 l'optimisation des solutions Connectivit\u00e9 Avion disponibles sur les nouveaux avions ainsi que les EFB.<\/p>\n<!-- \/wp:paragraph -->\n\n<!-- wp:paragraph -->\n<p><br>En somme, en vrai partenaire, vous aurez de l'impact sur :<\/p>\n<!-- \/wp:paragraph -->\n\n<!-- wp:list -->\n<ul><!-- wp:list-item -->\n<li><br>L'optimisation de la performance des SI en place,<\/li>\n<!-- \/wp:list-item -->\n\n<!-- wp:list-item -->\n<li><br>Les \u00e9volutions des SI de votre p\u00e9rim\u00e8tre,<\/li>\n<!-- \/wp:list-item -->\n\n<!-- wp:list-item -->\n<li><br>Les projets techniques dont vous serez responsables.<\/li>\n<!-- \/wp:list-item --><\/ul>\n<!-- \/wp:list -->\n\n<!-- wp:paragraph -->\n<p>Air France KLM recherche :<\/p>\n<!-- \/wp:paragraph -->\n\n<!-- wp:paragraph -->\n<p>Vous \u00eates ing\u00e9nieur(e) d\u00e9butant(e) avec une premi\u00e8re exp\u00e9rience professionnelle d'au moins un an dans le domaine des syst\u00e8mes d'information et l'a\u00e9rien et vous avez de bonnes connaissances dans les syst\u00e8mes d'information \/ les t\u00e9l\u00e9communications ACARS - IP et la Cyber S\u00e9curit\u00e9. La ma\u00eetrise des connaissances tel que l'avionique et les syst\u00e8mes EFB &amp; AID serait vivement appr\u00e9ci\u00e9e.<\/p>\n<!-- \/wp:paragraph -->\n\n<!-- wp:paragraph -->\n<p><br>Vous \u00eates autonome, rigoureux(se), responsable et curieux(se), vous aimez travailler en \u00e9quipe. Vous poss\u00e9dez de bonnes capacit\u00e9s d'\u00e9coute, d'analyse, de synth\u00e8se et de communication.<\/p>\n<!-- \/wp:paragraph -->\n\n<!-- wp:paragraph -->\n<p><br>Vous avez connaissance des m\u00e9thodologies et\/ou pratiques de la conduite de projet SI (Agile, Scrum, Kanban, etc.)<\/p>\n<!-- \/wp:paragraph -->\n\n<!-- wp:paragraph -->\n<p><br>Pourquoi nous rejoindre<\/p>\n<!-- \/wp:paragraph -->\n\n<!-- wp:list -->\n<ul><!-- wp:list-item -->\n<li><br>Etre au c?ur de l'action en \u00e9tant au plus pr\u00e8s des avions dans le cadre de vos missions en transverse (oxyg\u00e9nation avec des pilotes, qualifier des solutions SI sur avion ?) ;<\/li>\n<!-- \/wp:list-item -->\n\n<!-- wp:list-item -->\n<li><br>Evoluer \u00e0 travers la richesse des m\u00e9tiers disponibles au sein de toutes les Directions d'Air France (Op\u00e9rations A\u00e9riennes, La Maintenance Avion, L'Exploitation Sol ?) ;<\/li>\n<!-- \/wp:list-item -->\n\n<!-- wp:list-item -->\n<li><br>Faire partie d'une Product Team r\u00e9unissant des passionn\u00e9es d'avions et de nouvelles technologies qui partagent les m\u00eames valeurs que sont l'\u00e9coute, l'int\u00e9grit\u00e9, la convivialit\u00e9, la proximit\u00e9 et l'\u00e9quit\u00e9 ;<\/li>\n<!-- \/wp:list-item -->\n\n<!-- wp:list-item -->\n<li><br>Int\u00e9grer une organisation centr\u00e9e sur le mangement des talents, se former gr\u00e2ce \u00e0 un panel de formations vari\u00e9 ;<\/li>\n<!-- \/wp:list-item -->\n\n<!-- wp:list-item -->\n<li><br>Int\u00e9grer une compagnie a\u00e9rienne qui a le go\u00fbt de l'innovation et du challenge<\/li>\n<!-- \/wp:list-item --><\/ul>\n<!-- \/wp:list -->    \r\n<!-- Start Job Features\r\n================================================== -->\r\n<div class=\"job-features\">\r\n            <h3>Job Features<\/h3>\r\n    \r\n    <table class=\"table\">\r\n        <tbody>\r\n                            <div class='row'>\r\n                    <div class='col-md-3 col-sm-6'>\r\n                        <div class='sjb-title-value'>\r\n                            <h4><i class='fab fa-black-tie' aria-hidden='true'><\/i>Job Category<\/h4>\r\n                            <p>Finance<\/p>\r\n                        <\/div>\r\n                    <\/div>\r\n                        <\/tbody>\r\n    <\/table>\r\n\r\n<\/div>\r\n<!-- ==================================================\r\nEnd Job Features -->\r\n\r\n<div class=\"clearfix\"><\/div>\r\n<\/div>\r\n\r\n<div class=\"sjb-view-less-btn\" id=\"sjb_view_less_btn_8440\">\r\n    <a data-id=\"8440\" class=\"sjb_view_less_btn sjb_view_more_btn\">\r\n        View less            \r\n    <\/a>\r\n<\/div>\r\n<!-- ==================================================\r\nView long content end  -->\r\n\r\n    <!-- View more content end\r\n    ================================= -->\r\n\r\n    <!-- Start Job Short Description \r\n    ================================================== -->\r\n    <div class=\"job-description-list\">\r\n        <div id=\"sjb_less_content_8440\"><p>Au sein de la Direction des Syst\u00e8mes d&rsquo;information Exploitation A\u00e9rienne le Business Analyst Connectivit\u00e9 Avion se positionne comme un v\u00e9ritable partenaire des m\u00e9tiers, lui conf\u00e9rant ainsi...<\/p><\/div>    <\/div>\r\n    <!-- ==================================================\r\n    End Job Short Description  -->\r\n\r\n        <\/div>\r\n<\/div>\r\n<!-- ==================================================\r\nEnd Jobs List View -->\r\n\r\n<div class=\"clearfix\"><\/div>\r\n\r\n\r\n    <\/div> <!-- end Jobs Listing: List View -->\r\n<\/div>\r\n<!-- End: Jobs Listing -->\r\n\r\n<div class=\"clearfix\"><\/div>\r\n<\/div>\r\n<!-- End: Jobs Listing Wrapper -->\r\n\r\n<\/div>\n\t\t\t\t<\/div>\n\t\t\t\t<\/div>\n\t\t\t\t\t<\/div>\n\t\t<\/div>\n\t\t\t\t\t<\/div>\n\t\t<\/section>\n\t\t\t\t<\/div>","protected":false},"excerpt":{"rendered":"","protected":false},"author":1,"featured_media":5900,"parent":0,"menu_order":0,"comment_status":"closed","ping_status":"closed","template":"","meta":{"_eb_attr":"","_monsterinsights_skip_tracking":false,"_monsterinsights_sitenote_active":false,"_monsterinsights_sitenote_note":"","_monsterinsights_sitenote_category":0,"footnotes":""},"class_list":["post-8437","page","type-page","status-publish","has-post-thumbnail","hentry"],"aioseo_notices":[],"_links":{"self":[{"href":"https:\/\/dgi.gouv.ht\/ht\/wp-json\/wp\/v2\/pages\/8437","targetHints":{"allow":["GET"]}}],"collection":[{"href":"https:\/\/dgi.gouv.ht\/ht\/wp-json\/wp\/v2\/pages"}],"about":[{"href":"https:\/\/dgi.gouv.ht\/ht\/wp-json\/wp\/v2\/types\/page"}],"author":[{"embeddable":true,"href":"https:\/\/dgi.gouv.ht\/ht\/wp-json\/wp\/v2\/users\/1"}],"replies":[{"embeddable":true,"href":"https:\/\/dgi.gouv.ht\/ht\/wp-json\/wp\/v2\/comments?post=8437"}],"version-history":[{"count":9,"href":"https:\/\/dgi.gouv.ht\/ht\/wp-json\/wp\/v2\/pages\/8437\/revisions"}],"predecessor-version":[{"id":8808,"href":"https:\/\/dgi.gouv.ht\/ht\/wp-json\/wp\/v2\/pages\/8437\/revisions\/8808"}],"wp:featuredmedia":[{"embeddable":true,"href":"https:\/\/dgi.gouv.ht\/ht\/wp-json\/wp\/v2\/media\/5900"}],"wp:attachment":[{"href":"https:\/\/dgi.gouv.ht\/ht\/wp-json\/wp\/v2\/media?parent=8437"}],"curies":[{"name":"wp","href":"https:\/\/api.w.org\/{rel}","templated":true}]}}