{"id":8732,"date":"2023-11-28T21:06:57","date_gmt":"2023-11-29T02:06:57","guid":{"rendered":"https:\/\/dgi.gouv.ht\/?page_id=8732"},"modified":"2023-11-28T21:07:09","modified_gmt":"2023-11-29T02:07:09","slug":"attributions","status":"publish","type":"page","link":"https:\/\/dgi.gouv.ht\/ht\/attributions\/","title":{"rendered":"Attributions"},"content":{"rendered":"<div data-elementor-type=\"wp-page\" data-elementor-id=\"8732\" class=\"elementor elementor-8732\">\n\t\t\t\t\t\t<section data-particle_enable=\"false\" data-particle-mobile-disabled=\"false\" class=\"elementor-section elementor-top-section elementor-element elementor-element-286dbe1 elementor-section-boxed elementor-section-height-default elementor-section-height-default\" data-id=\"286dbe1\" data-element_type=\"section\">\n\t\t\t\t\t\t<div class=\"elementor-container elementor-column-gap-default\">\n\t\t\t\t\t<div class=\"elementor-column elementor-col-66 elementor-top-column elementor-element elementor-element-4910349\" data-id=\"4910349\" data-element_type=\"column\">\n\t\t\t<div class=\"elementor-widget-wrap elementor-element-populated\">\n\t\t\t\t\t\t<div class=\"elementor-element elementor-element-f13ece8 elementor-widget elementor-widget-text-editor\" data-id=\"f13ece8\" data-element_type=\"widget\" data-widget_type=\"text-editor.default\">\n\t\t\t\t<div class=\"elementor-widget-container\">\n\t\t\t\t\t\t\t<p><strong>\u00a0La Direction G\u00e9n\u00e9rale des Imp\u00f4ts a pour attributions de :<\/strong><\/p><ul><li>Mettre en \u0153uvre la politique du Gouvernement en mati\u00e8re fiscale;<\/li><li>Veiller \u00e0 la bonne application des lois et textes \u00e0 caract\u00e8res fiscaux;<\/li><li>Percevoir les imp\u00f4ts, droits, taxes et autres revenus de l\u2019\u00c9tat;<\/li><li>Participer \u00e0 l\u2019\u00e9laboration des avant-projets de textes l\u00e9gislatifs et <br \/>r\u00e9glementaires \u00e0 caract\u00e8res fiscaux et des projets de convention internationale en mati\u00e8re fiscale;<\/li><li>D\u00e9terminer l&rsquo;assiette, assurer la liquidation, le recouvrement et le contr\u00f4le des imp\u00f4ts directs et indirects, des droits d\u2019enregistrement, de timbre, des redevances et taxes domaniales et de publicit\u00e9 fonci\u00e8re et des taxes assimil\u00e9es;<\/li><li>Proc\u00e9der aux formalit\u00e9s d\u2019enregistrement des actes et documents d\u00e9sign\u00e9s par la Loi ;<\/li><li>Conna\u00eetre du contentieux des imp\u00f4ts et taxes assimil\u00e9es et ester en justice pour le compte de l\u2019\u00c9tat en mati\u00e8re fiscale;<\/li><li>Rechercher et sanctionner les omissions, les dissimulations, les insuffisances, et d&rsquo;une mani\u00e8re g\u00e9n\u00e9rale, les infractions et fraudes fiscales;<\/li><li>Assurer la collecte et le traitement des informations \u00e0 caract\u00e8res fiscaux.<\/li><\/ul><p><strong><em>Le Directeur G\u00e9n\u00e9ral fixe par instruction administrative les attributions non pr\u00e9vues <\/em><\/strong><br \/><strong><em>de l\u2019ensemble des diff\u00e9rentes structures de la Direction G\u00e9n\u00e9rale des Imp\u00f4ts. Elles <\/em><\/strong><br \/><strong><em>sont d\u00e9crites dans le \u00ab Manuel d\u2019Organisation \u00bb<\/em><\/strong><\/p>\t\t\t\t\t\t<\/div>\n\t\t\t\t<\/div>\n\t\t\t\t\t<\/div>\n\t\t<\/div>\n\t\t\t\t<div class=\"elementor-column elementor-col-33 elementor-top-column elementor-element elementor-element-ec18086\" data-id=\"ec18086\" data-element_type=\"column\">\n\t\t\t<div class=\"elementor-widget-wrap\">\n\t\t\t\t\t\t\t<\/div>\n\t\t<\/div>\n\t\t\t\t\t<\/div>\n\t\t<\/section>\n\t\t\t\t<\/div>","protected":false},"excerpt":{"rendered":"<p>\u00a0La Direction G\u00e9n\u00e9rale des Imp\u00f4ts a pour attributions de : Mettre en \u0153uvre la politique du Gouvernement en mati\u00e8re fiscale; Veiller \u00e0 la bonne application des lois et textes \u00e0 caract\u00e8res fiscaux; Percevoir les imp\u00f4ts, droits, taxes et autres revenus de l\u2019\u00c9tat; Participer \u00e0 l\u2019\u00e9laboration des avant-projets de textes l\u00e9gislatifs et r\u00e9glementaires \u00e0 caract\u00e8res fiscaux [&hellip;]<\/p>","protected":false},"author":1,"featured_media":0,"parent":0,"menu_order":0,"comment_status":"closed","ping_status":"closed","template":"","meta":{"_eb_attr":"","_monsterinsights_skip_tracking":false,"_monsterinsights_sitenote_active":false,"_monsterinsights_sitenote_note":"","_monsterinsights_sitenote_category":0,"footnotes":""},"class_list":["post-8732","page","type-page","status-publish","hentry"],"aioseo_notices":[],"_links":{"self":[{"href":"https:\/\/dgi.gouv.ht\/ht\/wp-json\/wp\/v2\/pages\/8732","targetHints":{"allow":["GET"]}}],"collection":[{"href":"https:\/\/dgi.gouv.ht\/ht\/wp-json\/wp\/v2\/pages"}],"about":[{"href":"https:\/\/dgi.gouv.ht\/ht\/wp-json\/wp\/v2\/types\/page"}],"author":[{"embeddable":true,"href":"https:\/\/dgi.gouv.ht\/ht\/wp-json\/wp\/v2\/users\/1"}],"replies":[{"embeddable":true,"href":"https:\/\/dgi.gouv.ht\/ht\/wp-json\/wp\/v2\/comments?post=8732"}],"version-history":[{"count":4,"href":"https:\/\/dgi.gouv.ht\/ht\/wp-json\/wp\/v2\/pages\/8732\/revisions"}],"predecessor-version":[{"id":8737,"href":"https:\/\/dgi.gouv.ht\/ht\/wp-json\/wp\/v2\/pages\/8732\/revisions\/8737"}],"wp:attachment":[{"href":"https:\/\/dgi.gouv.ht\/ht\/wp-json\/wp\/v2\/media?parent=8732"}],"curies":[{"name":"wp","href":"https:\/\/api.w.org\/{rel}","templated":true}]}}