{"id":8788,"date":"2023-11-29T02:11:54","date_gmt":"2023-11-29T07:11:54","guid":{"rendered":"https:\/\/dgi.gouv.ht\/?page_id=8788"},"modified":"2025-06-16T12:08:50","modified_gmt":"2025-06-16T17:08:50","slug":"page-en-construction","status":"publish","type":"page","link":"https:\/\/dgi.gouv.ht\/ht\/page-en-construction\/","title":{"rendered":"page-en-construction"},"content":{"rendered":"<div data-elementor-type=\"wp-page\" data-elementor-id=\"8788\" class=\"elementor elementor-8788\">\n\t\t\t\t\t\t<section data-particle_enable=\"false\" data-particle-mobile-disabled=\"false\" class=\"elementor-section elementor-top-section elementor-element elementor-element-5c4729f elementor-section-boxed elementor-section-height-default elementor-section-height-default\" data-id=\"5c4729f\" data-element_type=\"section\">\n\t\t\t\t\t\t<div class=\"elementor-container elementor-column-gap-default\">\n\t\t\t\t\t<div class=\"elementor-column elementor-col-100 elementor-top-column elementor-element elementor-element-bccffff\" data-id=\"bccffff\" data-element_type=\"column\">\n\t\t\t<div class=\"elementor-widget-wrap elementor-element-populated\">\n\t\t\t\t\t\t<div class=\"elementor-element elementor-element-319a1a5 content-align-cta-default elementor-widget elementor-widget-eael-cta-box\" data-id=\"319a1a5\" data-element_type=\"widget\" data-widget_type=\"eael-cta-box.default\">\n\t\t\t\t<div class=\"elementor-widget-container\">\n\t\t\t\t\t<div class=\"eael-call-to-action cta-basic bg-lite cta-preset-1\">\n        <h2 class=\"title\">D\u00e9sol\u00e9<\/h2><p>La page que vous cherchez est actuellement en construction. Nous travaillons activement sur son d\u00e9veloppement et nous avons h\u00e2te de vous la pr\u00e9senter prochainement. Nous vous prions de bien vouloir excuser la g\u00eane occasionn\u00e9e. Bien que le site soit fonctionnel, quelques pages sont encore en cours de d\u00e9veloppement. Revenez bient\u00f4t pour d\u00e9couvrir l'ensemble complet de notre nouveau site. Merci de votre compr\u00e9hension et de votre patience.<\/p><a href=\"\/ht\/\" class=\"cta-button cta-preset-1\">Accueil<\/a>\t<\/div>\n\t\t\t\t\t\t<\/div>\n\t\t\t\t<\/div>\n\t\t\t\t\t<\/div>\n\t\t<\/div>\n\t\t\t\t\t<\/div>\n\t\t<\/section>\n\t\t\t\t<\/div>","protected":false},"excerpt":{"rendered":"<p>D\u00e9sol\u00e9 La page que vous cherchez est actuellement en construction. Nous travaillons activement sur son d\u00e9veloppement et nous avons h\u00e2te de vous la pr\u00e9senter prochainement. Nous vous prions de bien vouloir excuser la g\u00eane occasionn\u00e9e. Bien que le site soit fonctionnel, quelques pages sont encore en cours de d\u00e9veloppement. Revenez bient\u00f4t pour d\u00e9couvrir l&rsquo;ensemble complet [&hellip;]<\/p>","protected":false},"author":1,"featured_media":0,"parent":0,"menu_order":0,"comment_status":"closed","ping_status":"closed","template":"","meta":{"_eb_attr":"","_monsterinsights_skip_tracking":false,"_monsterinsights_sitenote_active":false,"_monsterinsights_sitenote_note":"","_monsterinsights_sitenote_category":0,"footnotes":""},"class_list":["post-8788","page","type-page","status-publish","hentry"],"aioseo_notices":[],"_links":{"self":[{"href":"https:\/\/dgi.gouv.ht\/ht\/wp-json\/wp\/v2\/pages\/8788","targetHints":{"allow":["GET"]}}],"collection":[{"href":"https:\/\/dgi.gouv.ht\/ht\/wp-json\/wp\/v2\/pages"}],"about":[{"href":"https:\/\/dgi.gouv.ht\/ht\/wp-json\/wp\/v2\/types\/page"}],"author":[{"embeddable":true,"href":"https:\/\/dgi.gouv.ht\/ht\/wp-json\/wp\/v2\/users\/1"}],"replies":[{"embeddable":true,"href":"https:\/\/dgi.gouv.ht\/ht\/wp-json\/wp\/v2\/comments?post=8788"}],"version-history":[{"count":13,"href":"https:\/\/dgi.gouv.ht\/ht\/wp-json\/wp\/v2\/pages\/8788\/revisions"}],"predecessor-version":[{"id":9112,"href":"https:\/\/dgi.gouv.ht\/ht\/wp-json\/wp\/v2\/pages\/8788\/revisions\/9112"}],"wp:attachment":[{"href":"https:\/\/dgi.gouv.ht\/ht\/wp-json\/wp\/v2\/media?parent=8788"}],"curies":[{"name":"wp","href":"https:\/\/api.w.org\/{rel}","templated":true}]}}